{"id":2038,"date":"2024-05-26T14:29:03","date_gmt":"2024-05-26T12:29:03","guid":{"rendered":"https:\/\/turave.es\/index.php\/elements-copy\/"},"modified":"2024-06-21T21:38:36","modified_gmt":"2024-06-21T19:38:36","slug":"servicios","status":"publish","type":"page","link":"https:\/\/turave.es\/?page_id=2038","title":{"rendered":"Servicios"},"content":{"rendered":"<div class=\"wpb-content-wrapper\">[vc_row disable_element=&#8221;yes&#8221;][vc_column][wgl_custom_text font_size=&#8221;36&#8243; line_height=&#8221;52&#8243;]\n<h3>Accordions &amp; Tabs<\/h3>\n[\/wgl_custom_text][wgl_spacing spacer_size=&#8221;25&#8243;][\/vc_column][\/vc_row][vc_row][vc_column][wgl_spacing spacer_size=&#8221;52&#8243;][wgl_custom_text font_size=&#8221;36&#8243; line_height=&#8221;52&#8243;]\n<h3>En Rave ofrecemos una amplia variedad de servicios:<\/h3>\n[\/wgl_custom_text][wgl_spacing spacer_size=&#8221;25&#8243;][\/vc_column][\/vc_row][vc_row][vc_column width=&#8221;1\/2&#8243; offset=&#8221;vc_col-md-4&#8243;][wgl_flip_box front_bg_style=&#8221;front_image&#8221; front_title_color=&#8221;#75d631&#8243; back_bg_color=&#8221;#7c529c&#8221; front_title=&#8221;Eventos&#8221; back_descr=&#8221;Nos encargamos de organizar cualquier tipo de evento a medida, t\u00fa seleccionas los djs o artistas, la potencia de sonido y potencia lum\u00ednica, la tem\u00e1tica, las bebidas y las atracciones y nos encargamos de todo.&#8221; front_bg_image=&#8221;2043&#8243;][wgl_spacing spacer_size=&#8221;35&#8243;][\/vc_column][vc_column width=&#8221;1\/2&#8243; offset=&#8221;vc_col-md-4&#8243;][wgl_flip_box fb_dir=&#8221;flip_bottom&#8221; front_bg_style=&#8221;front_image&#8221; front_title_color=&#8221;#75d631&#8243; back_bg_color=&#8221;#7c529c&#8221; front_title=&#8221;DJ&#8217;s&#8221; back_descr=&#8221;Trabajamos con djs nacionales e internacionales, de todo tipo de m\u00fasica, para adaptar el evento al p\u00fablico que deseas contamos con m\u00e1s de 200 djs y speaker para animar tus fiestas.&#8221; front_bg_image=&#8221;2043&#8243;][wgl_spacing spacer_size=&#8221;35&#8243;][\/vc_column][vc_column width=&#8221;1\/2&#8243; offset=&#8221;vc_col-md-offset-0 vc_col-md-4 vc_col-sm-offset-3&#8243;][wgl_flip_box fb_dir=&#8221;flip_left&#8221; front_bg_style=&#8221;front_image&#8221; front_title_color=&#8221;#75d631&#8243; back_bg_color=&#8221;#7c529c&#8221; front_title=&#8221;Bandas&#8221; back_descr=&#8221;Trabajamos con bandas de rock tanto conocidas a nivel nacional como bandas emergentes que est\u00e1n empezando a darse a conocer, no te quedes sin tu concierto seguro que te encontramos una soluci\u00f3n.&#8221; front_bg_image=&#8221;2043&#8243;][wgl_spacing spacer_size=&#8221;35&#8243;][\/vc_column][\/vc_row][vc_row][vc_column width=&#8221;1\/3&#8243; offset=&#8221;vc_col-md-4&#8243;][wgl_flip_box front_bg_style=&#8221;front_image&#8221; front_title_color=&#8221;#75d631&#8243; back_bg_color=&#8221;#7c529c&#8221; front_title=&#8221;Artistas&#8221; back_descr=&#8221;Disponemos de amplia variedad de artistas como: cantantes pop, humoristas, bailarines, orquestas y m\u00e1s.&#8221; front_bg_image=&#8221;2043&#8243;][wgl_spacing spacer_size=&#8221;35&#8243;][\/vc_column][vc_column width=&#8221;1\/3&#8243; offset=&#8221;vc_col-md-4&#8243;][wgl_flip_box fb_dir=&#8221;flip_bottom&#8221; front_bg_style=&#8221;front_image&#8221; front_title_color=&#8221;#75d631&#8243; back_bg_color=&#8221;#7c529c&#8221; front_title=&#8221;Personaliza&#8221; back_descr=&#8221;Adem\u00e1s de nuestros productos podemos comercializar cualquier tipo de bebida que no exceda del 16% tambien productos de marketing como camisetas, gorras,&#8230; Al ser marca registrada con servicio de venta online podemos vender tus productos con solo usar nuestro logo.&#8221; front_bg_image=&#8221;2043&#8243;][wgl_spacing spacer_size=&#8221;35&#8243;][\/vc_column][vc_column width=&#8221;1\/3&#8243;][wgl_flip_box fb_dir=&#8221;flip_left&#8221; front_bg_style=&#8221;front_image&#8221; front_title_color=&#8221;#75d631&#8243; back_bg_color=&#8221;#7c529c&#8221; front_title=&#8221;Colaboraciones&#8221; back_descr=&#8221;No solo montamos nuestros eventos o eventos para terceros, tambi\u00e9n podemos realizar colaboraciones y dar apoyo de Marca con otras marcas ,locales, ayuntamientos, comisiones de fiestas, colectivos, emisoras de radio, etc. Solicita informaci\u00f3n y en pocas horas recibiras una respuesta.&#8221; front_bg_image=&#8221;2043&#8243;][wgl_spacing spacer_size=&#8221;35&#8243;][\/vc_column][\/vc_row][vc_row][vc_column width=&#8221;1\/2&#8243; offset=&#8221;vc_col-md-4&#8243;][wgl_flip_box front_bg_style=&#8221;front_image&#8221; front_title_color=&#8221;#75d631&#8243; back_bg_color=&#8221;#7c529c&#8221; front_title=&#8221;Discomovil&#8221; back_descr=&#8221;Montamos discomobiles puedes seleccionar entre varios tipos de escenario, potencias y artistas, tambi\u00e9n se pueden incluir atracciones, pirotecnia y catering si se desea.&#8221; front_bg_image=&#8221;2043&#8243;][wgl_spacing spacer_size=&#8221;35&#8243;][\/vc_column][vc_column width=&#8221;1\/2&#8243; offset=&#8221;vc_col-md-4&#8243;][wgl_flip_box fb_dir=&#8221;flip_bottom&#8221; front_bg_style=&#8221;front_image&#8221; front_title_color=&#8221;#75d631&#8243; back_bg_color=&#8221;#7c529c&#8221; front_title=&#8221;Atracciones&#8221; back_descr=&#8221;Podemos montar desde un toro mec\u00e1nico para su uso y disfrute, hasta castillos hinchables animaci\u00f3n y actuaciones para los m\u00e1s peque\u00f1os.&#8221; front_bg_image=&#8221;2043&#8243;][wgl_spacing spacer_size=&#8221;35&#8243;][\/vc_column][vc_column width=&#8221;1\/2&#8243; offset=&#8221;vc_col-md-offset-0 vc_col-md-4&#8243;][\/vc_column][\/vc_row][vc_section][\/vc_section]\n<\/div>","protected":false},"excerpt":{"rendered":"<p>[vc_row disable_element=&#8221;yes&#8221;][vc_column][wgl_custom_text font_size=&#8221;36&#8243; line_height=&#8221;52&#8243;] Accordions &amp; Tabs [\/wgl_custom_text][wgl_spacing spacer_size=&#8221;25&#8243;][\/vc_column][\/vc_row][vc_row][vc_column][wgl_spacing spacer_size=&#8221;52&#8243;][wgl_custom_text font_size=&#8221;36&#8243; line_height=&#8221;52&#8243;] En Rave ofrecemos una amplia variedad de servicios: [\/wgl_custom_text][wgl_spacing spacer_size=&#8221;25&#8243;][\/vc_column][\/vc_row][vc_row][vc_column width=&#8221;1\/2&#8243; offset=&#8221;vc_col-md-4&#8243;][wgl_flip_box front_bg_style=&#8221;front_image&#8221; front_title_color=&#8221;#75d631&#8243; back_bg_color=&#8221;#7c529c&#8221; front_title=&#8221;Eventos&#8221; back_descr=&#8221;Nos encargamos de organizar cualquier tipo de evento a medida, t\u00fa seleccionas los djs o artistas, la potencia de sonido y potencia lum\u00ednica, la tem\u00e1tica, las bebidas [&hellip;]<\/p>\n","protected":false},"author":1,"featured_media":0,"parent":0,"menu_order":0,"comment_status":"closed","ping_status":"closed","template":"","meta":{"jetpack_post_was_ever_published":false,"footnotes":""},"class_list":["post-2038","page","type-page","status-publish","hentry"],"jetpack_sharing_enabled":true,"jetpack-related-posts":[],"_links":{"self":[{"href":"https:\/\/turave.es\/index.php?rest_route=\/wp\/v2\/pages\/2038","targetHints":{"allow":["GET"]}}],"collection":[{"href":"https:\/\/turave.es\/index.php?rest_route=\/wp\/v2\/pages"}],"about":[{"href":"https:\/\/turave.es\/index.php?rest_route=\/wp\/v2\/types\/page"}],"author":[{"embeddable":true,"href":"https:\/\/turave.es\/index.php?rest_route=\/wp\/v2\/users\/1"}],"replies":[{"embeddable":true,"href":"https:\/\/turave.es\/index.php?rest_route=%2Fwp%2Fv2%2Fcomments&post=2038"}],"version-history":[{"count":29,"href":"https:\/\/turave.es\/index.php?rest_route=\/wp\/v2\/pages\/2038\/revisions"}],"predecessor-version":[{"id":2303,"href":"https:\/\/turave.es\/index.php?rest_route=\/wp\/v2\/pages\/2038\/revisions\/2303"}],"wp:attachment":[{"href":"https:\/\/turave.es\/index.php?rest_route=%2Fwp%2Fv2%2Fmedia&parent=2038"}],"curies":[{"name":"wp","href":"https:\/\/api.w.org\/{rel}","templated":true}]}}